{"id":1853,"date":"2023-04-12T16:53:00","date_gmt":"2023-04-12T14:53:00","guid":{"rendered":"https:\/\/www.theatro-italia.com\/it\/?page_id=1853"},"modified":"2023-07-27T11:30:38","modified_gmt":"2023-07-27T09:30:38","slug":"cookie-policy","status":"publish","type":"page","link":"https:\/\/www.theatro-italia.com\/it\/cookie-policy\/","title":{"rendered":"Cookie policy"},"content":{"rendered":"<p>COOKIES<br \/>\nDefinizioni, caratteristiche e applicazioni<\/p>\n<p>I cookie sono piccoli file di testo che i siti visitati dall&#8217;utente inviano e registrano sul suo computer o dispositivo mobile, per essere poi ritrasmessi agli stessi siti alla successiva visita. L\u2019utilizzo di cookies permette un sito di ricordare le preferenze dell&#8217;utente (ad esempio, la lingua prescelta, le dimensioni dei caratteri, ecc.) in modo che non debbano essere indicate nuovamente quando l&#8217;utente torni a visitare detto sito o navighi da una pagina all&#8217;altra di esso. I cookie, quindi, sono usati per eseguire autenticazioni informatiche, monitoraggio di sessioni e memorizzazione di informazioni riguardanti le attivit\u00e0 degli utenti che accedono ad un sito e possono contenere anche un codice identificativo unico che consente di tenere traccia della navigazione dell&#8217;utente all&#8217;interno del sito stesso per finalit\u00e0 statistiche o pubblicitarie.<\/p>\n<p>Nel corso della navigazione su un sito, l&#8217;utente pu\u00f2 ricevere sul suo computer anche cookie di siti o di web server diversi da quello che sta visitando (c.d. cookie di &#8220;terze parti&#8221;). Alcune operazioni non potrebbero essere compiute senza l&#8217;uso dei cookie, che in certi casi sono quindi tecnicamente necessari per lo stesso funzionamento del sito.<\/p>\n<p>Esistono vari tipi di cookie, a seconda delle loro caratteristiche e funzioni, e questi possono rimanere nel computer dell&#8217;utente per periodi di tempo diversi: c.d. cookie di sessione, che viene automaticamente cancellato alla chiusura del browser; c.d. cookie persistenti, che permangono sull&#8217;apparecchiatura dell&#8217;utente fino ad una scadenza prestabilita.<br \/>\nIn base alla normativa vigente in Italia, per l&#8217;utilizzo dei cookie non sempre \u00e8 richiesto un espresso consenso dell&#8217;utente.<\/p>\n<p>In particolare, non richiedono tale consenso i &#8220;cookie tecnici&#8221;, cio\u00e8 quelli utilizzati al solo fine di effettuare la trasmissione di una comunicazione su una rete di comunicazione elettronica, o nella misura strettamente necessaria per erogare un servizio esplicitamente richiesto dall&#8217;utente. Si tratta, in altre parole, di cookie indispensabili per il funzionamento del sito o necessari per eseguire attivit\u00e0 richieste dall&#8217;utente.<\/p>\n<p>Tra i cookie tecnici, che non richiedono un consenso espresso per il loro utilizzo, il Garante per la protezione dei dati personali italiano (cfr. Provvedimento Individuazione delle modalit\u00e0 semplificate per l&#8217;informativa e l&#8217;acquisizione del consenso per l&#8217;uso dei cookie dell&#8217;8 maggio 2014 e successivi chiarimenti, di seguito anche soltanto &#8220;Provvedimento&#8221;) ricomprende:<\/p>\n<p>\u2022 i &#8220;cookie analytics&#8221; laddove utilizzati direttamente dal gestore del sito per raccogliere informazioni, in forma aggregata, sul numero degli utenti e su come questi visitano il sito stesso,<br \/>\n\u2022 i cookie di navigazione o di sessione (per autenticarsi),<br \/>\n\u2022 i cookie di funzionalit\u00e0, che permettono all&#8217;utente la navigazione in funzione di una serie di criteri selezionati (ad esempio, la lingua, i prodotti selezionati per l&#8217;acquisto) al fine di migliorare il servizio reso allo stesso.<\/p>\n<p>Per i &#8220;cookie di profilazione&#8221;, viceversa, cio\u00e8 quelli volti a creare profili relativi all&#8217;utente e utilizzati al fine di inviare messaggi pubblicitari in linea con le preferenze manifestate dallo stesso nell&#8217;ambito della navigazione in rete, \u00e8 richiesto un preventivo consenso dell&#8217;utente.<\/p>\n<p>Tipologie di cookie utilizzate dal Sito e possibilit\u00e0 di (de-)selezione<br \/>\nIl Sito utilizza i seguenti cookie che possono essere de-selezionati, salvo che per i cookie di terze parti per i quali dovr\u00e0 fare riferimento direttamente alle relative modalit\u00e0 di selezione e de-selezione dei rispettivi cookie, indicate a mezzo di link:<\/p>\n<p>\u2022 Cookie tecnici di navigazione o sessione e strettamente necessari per il funzionamento del Sito o per consentirle di usufruire dei contenuti e dei servizi richiesti.<br \/>\n\u2022 Cookie di funzionalit\u00e0, cio\u00e8 utilizzati per attivare specifiche funzionalit\u00e0 del Sito e una serie di criteri selezionati (ad esempio, la lingua) al fine di migliorare il servizio reso.<\/p>\n<p>ATTENZIONE: disabilitando i cookie tecnici e\/o di funzionalit\u00e0 il Sito potrebbe risultare non consultabile o alcuni servizi o determinate funzioni del Sito potrebbero risultare non disponibili o non funzionare correttamente e potresti essere costretto a modificare o a inserire manualmente alcune informazioni o preferenze ogni volta che visiter\u00e0 il Sito.<\/p>\n<p>Cookie di terze parti, cio\u00e8 cookie di siti o di web server diversi da quello del Titolare utilizzati per finalit\u00e0 proprie di dette parti terze. Si precisa che tali soggetti terzi, elencati con i relativi collegamenti alle politiche sulla privacy, sono tipicamente autonomi titolari del trattamento dei dati raccolti attraverso i cookie da essi serviti; pertanto, dovr\u00e0 fare riferimento alle loro politiche di trattamento di dati personali, informative e moduli di consenso (selezione e de-selezione dei rispettivi cookie), come precisato nel citato Provvedimento. Per completezza inoltre si precisa che il Titolare fa il massimo per poter tracciare i cookie sul proprio Sito. Questi sono aggiornati in maniera regolare nell\u2019informativa del sito web, dove diamo trasparenza sui cookie direttamente inviati dal Titolare e sulle loro finalit\u00e0. Per quanto concerne le terze parti che inviano cookie tramite il nostro Sito, forniamo i link alle rispettive informative privacy: a tali terze parti demandiamo, come gi\u00e0 precisato, la responsabilit\u00e0 di fornire l&#8217;informativa e raccogliere il Suo consenso, come previsto dal Provvedimento. Detta responsabilit\u00e0 \u00e8 da riferirsi non solo ai cookie che le terze parti inviano direttamente, ma anche ad eventuali ulteriori cookie che vengono inviati tramite il nostro Sito in virt\u00f9 dell&#8217;utilizzo di servizi di cui le terze parti stesse fruiscono. Rispetto a tali cookie infatti, inviati da fornitori di servizi delle citate terze parti, il Titolare non ha la possibilit\u00e0 di esercitare alcun controllo e non ne conosce n\u00e9 le caratteristiche n\u00e9 le finalit\u00e0.<\/p>\n<p>Impostazioni relative ai cookie<br \/>\nL\u2019utente ha la possibilit\u00e0 di bloccare (in tutto o in parte) i cookie tecnici e di funzionalit\u00e0 attraverso le specifiche funzioni del suo Browser. Ti informiamo tuttavia che non autorizzare i cookie tecnici potrebbe comportare l&#8217;impossibilit\u00e0 di utilizzare il Sito, visionarne i contenuti ed usufruire dei relativi servizi. Inibire i cookie di funzionalit\u00e0 potrebbe comportare che alcuni servizi o determinate funzioni del Sito non siano disponibili o non funzionino correttamente e potresti essere costretto a modificare o a inserire manualmente alcune informazioni o preferenze ogni volta che visiter\u00e0 il Sito.<\/p>\n<p>Le scelte operate in riferimento ai cookie del Sito saranno a loro volta registrate in un apposito cookie. Tale cookie potrebbe, tuttavia, in alcune circostanze non funzionare correttamente: in tali casi, Le consigliamo di cancellare i cookie non graditi e di inibirne l&#8217;utilizzo anche attraverso le funzionalit\u00e0 del browser.<\/p>\n<p>Le sue preferenze in riferimento ai cookie andranno reimpostate nel caso in cui utilizzi diversi dispositivi o browser per accedere al Sito.<\/p>\n<p>Come visualizzare e modificare i cookie attraverso il Browser<br \/>\nPu\u00f2 autorizzare, bloccare o cancellare (in tutto o in parte) i cookie attraverso le specifiche funzioni del Suo Browser. Per avere maggiori informazioni su come impostare le preferenze sull&#8217;uso dei cookie attraverso il Browser, \u00e8 possibile consultare le relative istruzioni:<\/p>\n<p><a href=\"https:\/\/support.microsoft.com\/it-it\/windows\/eliminare-e-gestire-i-cookie-168dab11-0753-043d-7c16-ede5947fc64d\">Internet Explorer<\/a><br \/>\n<a href=\"https:\/\/support.mozilla.org\/it\/kb\/protezione-antitracciamento-avanzata-firefox-desktop?redirectslug=Attivare+e+disattivare+i+cookie&amp;redirectlocale=it\">Firefox<\/a><br \/>\n<a href=\"https:\/\/support.google.com\/chrome\/answer\/95647?hl=it&amp;topic=14666&amp;ctx=topic\">Chrome<\/a><br \/>\n<a href=\"https:\/\/support.apple.com\/kb\/index?page=search&amp;fac=all&amp;q=cookies%20safari\">Safari<\/a><\/p>\n","protected":false},"excerpt":{"rendered":"<p>COOKIES Definizioni, caratteristiche e applicazioni I cookie sono piccoli file di testo che i siti visitati dall&#8217;utente inviano e registrano sul suo computer o dispositivo mobile, per essere poi ritrasmessi agli stessi siti alla successiva visita. L\u2019utilizzo di cookies permette un sito di ricordare le preferenze dell&#8217;utente (ad esempio, la lingua prescelta, le dimensioni dei [&hellip;]<\/p>\n","protected":false},"author":1,"featured_media":98,"parent":0,"menu_order":0,"comment_status":"closed","ping_status":"closed","template":"template-privacy.php","meta":{"_acf_changed":false,"inline_featured_image":false,"_it_post_content":"COOKIES\r\nDefinizioni, caratteristiche e applicazioni\r\n\r\nI cookie sono piccoli file di testo che i siti visitati dall'utente inviano e registrano sul suo computer o dispositivo mobile, per essere poi ritrasmessi agli stessi siti alla successiva visita. L\u2019utilizzo di cookies permette un sito di ricordare le preferenze dell'utente (ad esempio, la lingua prescelta, le dimensioni dei caratteri, ecc.) in modo che non debbano essere indicate nuovamente quando l'utente torni a visitare detto sito o navighi da una pagina all'altra di esso. I cookie, quindi, sono usati per eseguire autenticazioni informatiche, monitoraggio di sessioni e memorizzazione di informazioni riguardanti le attivit\u00e0 degli utenti che accedono ad un sito e possono contenere anche un codice identificativo unico che consente di tenere traccia della navigazione dell'utente all'interno del sito stesso per finalit\u00e0 statistiche o pubblicitarie.\r\n\r\nNel corso della navigazione su un sito, l'utente pu\u00f2 ricevere sul suo computer anche cookie di siti o di web server diversi da quello che sta visitando (c.d. cookie di \"terze parti\"). Alcune operazioni non potrebbero essere compiute senza l'uso dei cookie, che in certi casi sono quindi tecnicamente necessari per lo stesso funzionamento del sito.\r\n\r\nEsistono vari tipi di cookie, a seconda delle loro caratteristiche e funzioni, e questi possono rimanere nel computer dell'utente per periodi di tempo diversi: c.d. cookie di sessione, che viene automaticamente cancellato alla chiusura del browser; c.d. cookie persistenti, che permangono sull'apparecchiatura dell'utente fino ad una scadenza prestabilita.\r\nIn base alla normativa vigente in Italia, per l'utilizzo dei cookie non sempre \u00e8 richiesto un espresso consenso dell'utente.\r\n\r\nIn particolare, non richiedono tale consenso i \"cookie tecnici\", cio\u00e8 quelli utilizzati al solo fine di effettuare la trasmissione di una comunicazione su una rete di comunicazione elettronica, o nella misura strettamente necessaria per erogare un servizio esplicitamente richiesto dall'utente. Si tratta, in altre parole, di cookie indispensabili per il funzionamento del sito o necessari per eseguire attivit\u00e0 richieste dall'utente.\r\n\r\nTra i cookie tecnici, che non richiedono un consenso espresso per il loro utilizzo, il Garante per la protezione dei dati personali italiano (cfr. Provvedimento Individuazione delle modalit\u00e0 semplificate per l'informativa e l'acquisizione del consenso per l'uso dei cookie dell'8 maggio 2014 e successivi chiarimenti, di seguito anche soltanto \"Provvedimento\") ricomprende:\r\n\r\n\u2022 i \"cookie analytics\" laddove utilizzati direttamente dal gestore del sito per raccogliere informazioni, in forma aggregata, sul numero degli utenti e su come questi visitano il sito stesso,\r\n\u2022 i cookie di navigazione o di sessione (per autenticarsi),\r\n\u2022 i cookie di funzionalit\u00e0, che permettono all'utente la navigazione in funzione di una serie di criteri selezionati (ad esempio, la lingua, i prodotti selezionati per l'acquisto) al fine di migliorare il servizio reso allo stesso.\r\n\r\nPer i \"cookie di profilazione\", viceversa, cio\u00e8 quelli volti a creare profili relativi all'utente e utilizzati al fine di inviare messaggi pubblicitari in linea con le preferenze manifestate dallo stesso nell'ambito della navigazione in rete, \u00e8 richiesto un preventivo consenso dell'utente.\r\n\r\nTipologie di cookie utilizzate dal Sito e possibilit\u00e0 di (de-)selezione\r\nIl Sito utilizza i seguenti cookie che possono essere de-selezionati, salvo che per i cookie di terze parti per i quali dovr\u00e0 fare riferimento direttamente alle relative modalit\u00e0 di selezione e de-selezione dei rispettivi cookie, indicate a mezzo di link:\r\n\r\n\u2022 Cookie tecnici di navigazione o sessione e strettamente necessari per il funzionamento del Sito o per consentirle di usufruire dei contenuti e dei servizi richiesti.\r\n\u2022 Cookie di funzionalit\u00e0, cio\u00e8 utilizzati per attivare specifiche funzionalit\u00e0 del Sito e una serie di criteri selezionati (ad esempio, la lingua) al fine di migliorare il servizio reso.\r\n\r\nATTENZIONE: disabilitando i cookie tecnici e\/o di funzionalit\u00e0 il Sito potrebbe risultare non consultabile o alcuni servizi o determinate funzioni del Sito potrebbero risultare non disponibili o non funzionare correttamente e potresti essere costretto a modificare o a inserire manualmente alcune informazioni o preferenze ogni volta che visiter\u00e0 il Sito.\r\n\r\nCookie di terze parti, cio\u00e8 cookie di siti o di web server diversi da quello del Titolare utilizzati per finalit\u00e0 proprie di dette parti terze. Si precisa che tali soggetti terzi, elencati con i relativi collegamenti alle politiche sulla privacy, sono tipicamente autonomi titolari del trattamento dei dati raccolti attraverso i cookie da essi serviti; pertanto, dovr\u00e0 fare riferimento alle loro politiche di trattamento di dati personali, informative e moduli di consenso (selezione e de-selezione dei rispettivi cookie), come precisato nel citato Provvedimento. Per completezza inoltre si precisa che il Titolare fa il massimo per poter tracciare i cookie sul proprio Sito. Questi sono aggiornati in maniera regolare nell\u2019informativa del sito web, dove diamo trasparenza sui cookie direttamente inviati dal Titolare e sulle loro finalit\u00e0. Per quanto concerne le terze parti che inviano cookie tramite il nostro Sito, forniamo i link alle rispettive informative privacy: a tali terze parti demandiamo, come gi\u00e0 precisato, la responsabilit\u00e0 di fornire l'informativa e raccogliere il Suo consenso, come previsto dal Provvedimento. Detta responsabilit\u00e0 \u00e8 da riferirsi non solo ai cookie che le terze parti inviano direttamente, ma anche ad eventuali ulteriori cookie che vengono inviati tramite il nostro Sito in virt\u00f9 dell'utilizzo di servizi di cui le terze parti stesse fruiscono. Rispetto a tali cookie infatti, inviati da fornitori di servizi delle citate terze parti, il Titolare non ha la possibilit\u00e0 di esercitare alcun controllo e non ne conosce n\u00e9 le caratteristiche n\u00e9 le finalit\u00e0.\r\n\r\nImpostazioni relative ai cookie\r\nL\u2019utente ha la possibilit\u00e0 di bloccare (in tutto o in parte) i cookie tecnici e di funzionalit\u00e0 attraverso le specifiche funzioni del suo Browser. Ti informiamo tuttavia che non autorizzare i cookie tecnici potrebbe comportare l'impossibilit\u00e0 di utilizzare il Sito, visionarne i contenuti ed usufruire dei relativi servizi. Inibire i cookie di funzionalit\u00e0 potrebbe comportare che alcuni servizi o determinate funzioni del Sito non siano disponibili o non funzionino correttamente e potresti essere costretto a modificare o a inserire manualmente alcune informazioni o preferenze ogni volta che visiter\u00e0 il Sito.\r\n\r\nLe scelte operate in riferimento ai cookie del Sito saranno a loro volta registrate in un apposito cookie. Tale cookie potrebbe, tuttavia, in alcune circostanze non funzionare correttamente: in tali casi, Le consigliamo di cancellare i cookie non graditi e di inibirne l'utilizzo anche attraverso le funzionalit\u00e0 del browser.\r\n\r\nLe sue preferenze in riferimento ai cookie andranno reimpostate nel caso in cui utilizzi diversi dispositivi o browser per accedere al Sito.\r\n\r\nCome visualizzare e modificare i cookie attraverso il Browser\r\nPu\u00f2 autorizzare, bloccare o cancellare (in tutto o in parte) i cookie attraverso le specifiche funzioni del Suo Browser. Per avere maggiori informazioni su come impostare le preferenze sull'uso dei cookie attraverso il Browser, \u00e8 possibile consultare le relative istruzioni:\r\n\r\n<a href=\"https:\/\/support.microsoft.com\/it-it\/windows\/eliminare-e-gestire-i-cookie-168dab11-0753-043d-7c16-ede5947fc64d\">Internet Explorer<\/a>\r\n<a href=\"https:\/\/support.mozilla.org\/it\/kb\/protezione-antitracciamento-avanzata-firefox-desktop?redirectslug=Attivare+e+disattivare+i+cookie&amp;redirectlocale=it\">Firefox<\/a>\r\n<a href=\"https:\/\/support.google.com\/chrome\/answer\/95647?hl=it&amp;topic=14666&amp;ctx=topic\">Chrome<\/a>\r\n<a href=\"https:\/\/support.apple.com\/kb\/index?page=search&amp;fac=all&amp;q=cookies%20safari\">Safari<\/a>","_it_post_name":"cookie-policy","_it_post_excerpt":"","_it_post_title":"Cookie policy","_en_post_content":"COOKIES\r\nDefinitions, characteristics and applications\r\n\r\nCookies are small text files that the websites visited by the user send and record on his\/her computer or mobile device, to be then retransmitted to the same websites on the next visit. The use of cookies allows a website to remember user preferences (for example, the chosen language, font sizes, etc.) so that they do not have to be indicated again when the user returns to visit said website or browses from one page to the next. Cookies, therefore, are used to perform computer authentication, session monitoring and information storage regarding the activities of users accessing a website and may also contain a unique identification code that facilitates keeping track of the user's navigation within the website itself for statistical or advertising purposes.\r\n\r\nWhile browsing a website, the user can also receive cookies on the computer from websites or web servers other than the one he\/she is visiting (so-called \"third-party\" cookies). Some operations could not be carried out without the use of cookies, which in certain cases are therefore technically necessary for the website\u2019s operation itself.\r\n\r\nThere are various types of cookies, depending on their characteristics and functions, and these can remain on the user's computer for different periods of time: the so-called session cookies, which are automatically deleted when the browser is closed; the so-called persistent cookies, which remain on the user's device until a pre-established expiry date.\r\nAccording to the legislation in force in Italy, the user's express consent is not always required for the use of cookies.\r\n\r\nIn particular, \"technical cookies\", i.e. those used for the sole purpose of transmitting a communication on an electronic communications network, or to the extent strictly necessary to provide a service explicitly requested by the user, do not require this consent. In other words, these are cookies which are indispensable for the correct operation of the website or necessary to perform activities requested by the user.\r\n\r\nAmong the technical cookies which do not require express consent for their use, the Italian Data Protection Authority (see the Provision: \"Identification of simplified procedures for the information and the acquisition of consent for the use of cookies\" dated 8 May 2014 and subsequent clarifications, hereinafter also referred to as \"Provision\") includes:\r\n\r\n\u2022 Analytics cookies when used directly by the website operator in order to collect information in aggregated form of the number of users and of how the website itself is visited.\r\n\u2022 navigation or session cookies (to log in),\r\n\u2022 Functional cookies, which allow the user to browse according to a set of selected criteria (for example, language, products selected for purchase) in order to improve the service provided.\r\n\r\nOn the other hand, for \"profiling cookies\", i.e. those aimed at creating user profiles and used in order to send targeted advertising messages in line with the preferences shown by the user whilst web browsing, the user must give their consent beforehand.\r\n\r\nTypes of cookies used in this Website and possibility of (de-) selecting them\r\nThe Website uses the following cookies which can be de-selected, except for third-party cookies for which it is necessary to refer directly to their relative cookie selection and de-selection methods, detailed below with the pertinent link:\r\n\r\n\u2022 Technical navigation or session cookies, strictly necessary for operating the Website or to allow you to exploit the contents and services requested.\r\n\u2022 Functional cookies, that is, used to activate specific Website features and a series of selected criteria (for example, the language) in order to improve the service rendered.\r\n\r\nWARNING: by disabling technical and\/or functional cookies, the Website may not be available for consultation or some services or certain functions of the Website may be unavailable or not work properly and you may be forced to modify or manually enter some information or preferences each time you visit the Website.\r\n\r\nThird-party cookies, i.e. cookies from websites or web servers other than that of the Data Controller used for the purposes of these third parties. It should be noted that these third parties, listed with the related links to the privacy policies, are typically independent controllers of the processing of the data collected through the cookies they use; therefore, it is necessary to refer to their personal data processing policies, information and consent forms (selection and de-selection of the respective cookies), as specified in the aforementioned Provision. For completeness, it is also specified that the Data Controller does its best to be able to track the cookies linked to its own Website. These are updated regularly in the website information note, where we provide transparent information about the cookies sent directly by the Data Controller and about their purposes. As regards third parties who send cookies through our website, we provide links to their respective privacy policies: as already specified, we consider these third parties responsible for providing the information and collecting your consent, as required by the Provision. Said responsibility must refer not only to the cookies that third parties send directly, but also to any additional type of cookie transmitted through our Website by virtue of the services that these third parties enjoy. As regards these cookies, in fact, sent by the service providers of the aforementioned third parties, the Data Controller has no possibility of exercising any control and does not know their characteristics or purposes.\r\n\r\nCookie settings\r\nThe user has the ability to block (in whole or in part) technical and functional cookies through the specific functions of his\/her browser. However, we wish to inform you that by not authorising technical cookies it may impossible to use the Website, view its contents and take advantage of the related services. Should you disable the functional cookies, some services or certain functions of the Website would be unavailable or not function properly and you may be forced to modify or manually enter some information or preferences each time you visit the Website.\r\n\r\nThe choices made as regards the Website\u2019s cookies will in turn be recorded in a specific cookie. However, in some circumstances this cookie might not work correctly: in such cases, we advise you to delete unwanted cookies and to disable their use also through the browser functions.\r\n\r\nYour preferences regarding cookies will have to be reset should you use different devices or browsers to access the Website.\r\n\r\nHow to view and modify cookies through the browser\r\nYou can authorise, block or delete (in whole or in part) cookies through the specific functions of your browser. For more information on how to set preferences on the use of cookies through the browser, you can consult the relevant instructions:\r\n\r\nInternet Explorer\r\nFirefox\r\nChrome\r\nSafari","_en_post_name":"cookie-policy","_en_post_excerpt":"","_en_post_title":"","edit_language":"it","footnotes":""},"class_list":["post-1853","page","type-page","status-publish","has-post-thumbnail","hentry"],"acf":[],"_links":{"self":[{"href":"https:\/\/www.theatro-italia.com\/it\/wp-json\/wp\/v2\/pages\/1853","targetHints":{"allow":["GET"]}}],"collection":[{"href":"https:\/\/www.theatro-italia.com\/it\/wp-json\/wp\/v2\/pages"}],"about":[{"href":"https:\/\/www.theatro-italia.com\/it\/wp-json\/wp\/v2\/types\/page"}],"author":[{"embeddable":true,"href":"https:\/\/www.theatro-italia.com\/it\/wp-json\/wp\/v2\/users\/1"}],"replies":[{"embeddable":true,"href":"https:\/\/www.theatro-italia.com\/it\/wp-json\/wp\/v2\/comments?post=1853"}],"version-history":[{"count":8,"href":"https:\/\/www.theatro-italia.com\/it\/wp-json\/wp\/v2\/pages\/1853\/revisions"}],"predecessor-version":[{"id":2754,"href":"https:\/\/www.theatro-italia.com\/it\/wp-json\/wp\/v2\/pages\/1853\/revisions\/2754"}],"wp:featuredmedia":[{"embeddable":true,"href":"https:\/\/www.theatro-italia.com\/it\/wp-json\/wp\/v2\/media\/98"}],"wp:attachment":[{"href":"https:\/\/www.theatro-italia.com\/it\/wp-json\/wp\/v2\/media?parent=1853"}],"curies":[{"name":"wp","href":"https:\/\/api.w.org\/{rel}","templated":true}]}}